{"id":927,"date":"2025-06-24T19:41:26","date_gmt":"2025-06-24T19:41:26","guid":{"rendered":"https:\/\/kulenslighting.com\/?post_type=product&#038;p=927"},"modified":"2025-07-08T11:27:56","modified_gmt":"2025-07-08T16:27:56","slug":"lgrspot-lgr10r4ba2bb","status":"publish","type":"product","link":"https:\/\/kulenslighting.com\/?product=lgrspot-lgr10r4ba2bb","title":{"rendered":"LGRSpot (LGR10R4BA2BB)"},"content":{"rendered":"","protected":false},"excerpt":{"rendered":"<p>Dise\u00f1o de calidad en aluminio puro, una soluci\u00f3n de iluminaci\u00f3n moderna, innovadora y vers\u00e1til. Ideales para resaltar los elementos m\u00e1s atractivos de tus espacios, como fotograf\u00edas, pinturas y m\u00e1s. Compatibles con l\u00e1mparas GU10 libremente intercambiables, optimizando el consumo energ\u00e9tico. Montaje en riel.<\/p>\n<p>CARACTER\u00cdSTICAS:<\/p>\n<ul>\n<li>Blanco<\/li>\n<li><strong>L\u00e1mpara GU10<\/strong> (1 pieza, no incluida)<\/li>\n<li>Aluminio<\/li>\n<li>Para riel<\/li>\n<li>Dirigible<\/li>\n<li><strong>Garant\u00eda 5 a\u00f1os<\/strong><\/li>\n<\/ul>\n<p><a href=\"https:\/\/kulenslighting.com\/wp-content\/uploads\/2025\/06\/LGR-SPOT-PROYECTOR_FICHA-TECNICA.pdf\" target=\"_blank\" rel=\"noopener\"><em><strong>Descarga ficha t\u00e9cnica<\/strong><\/em><\/a><\/p>\n<pre><a href=\"https:\/\/kulenslighting.com\/?product=lamparas-gu10\"><strong>REFACCIONES DISPONIBLES<\/strong><\/a>\r\n<a href=\"https:\/\/kulenslighting.com\/?product=lgrspotlgr10-accesorios-blanco\"><strong>ACCESORIOS (NO INCLUIDOS)<\/strong><\/a><\/pre>\n","protected":false},"featured_media":931,"template":"","meta":{"_joinchat":[]},"product_brand":[],"product_cat":[27,62],"product_tag":[],"class_list":{"0":"post-927","1":"product","2":"type-product","3":"status-publish","4":"has-post-thumbnail","6":"product_cat-comercial","7":"product_cat-spot-comercial","9":"first","10":"instock","11":"shipping-taxable","12":"product-type-simple"},"_links":{"self":[{"href":"https:\/\/kulenslighting.com\/index.php?rest_route=\/wp\/v2\/product\/927","targetHints":{"allow":["GET"]}}],"collection":[{"href":"https:\/\/kulenslighting.com\/index.php?rest_route=\/wp\/v2\/product"}],"about":[{"href":"https:\/\/kulenslighting.com\/index.php?rest_route=\/wp\/v2\/types\/product"}],"wp:featuredmedia":[{"embeddable":true,"href":"https:\/\/kulenslighting.com\/index.php?rest_route=\/wp\/v2\/media\/931"}],"wp:attachment":[{"href":"https:\/\/kulenslighting.com\/index.php?rest_route=%2Fwp%2Fv2%2Fmedia&parent=927"}],"wp:term":[{"taxonomy":"product_brand","embeddable":true,"href":"https:\/\/kulenslighting.com\/index.php?rest_route=%2Fwp%2Fv2%2Fproduct_brand&post=927"},{"taxonomy":"product_cat","embeddable":true,"href":"https:\/\/kulenslighting.com\/index.php?rest_route=%2Fwp%2Fv2%2Fproduct_cat&post=927"},{"taxonomy":"product_tag","embeddable":true,"href":"https:\/\/kulenslighting.com\/index.php?rest_route=%2Fwp%2Fv2%2Fproduct_tag&post=927"}],"curies":[{"name":"wp","href":"https:\/\/api.w.org\/{rel}","templated":true}]}}