{"id":843,"date":"2025-06-24T18:09:08","date_gmt":"2025-06-24T18:09:08","guid":{"rendered":"https:\/\/kulenslighting.com\/?post_type=product&#038;p=843"},"modified":"2025-07-10T14:55:44","modified_gmt":"2025-07-10T19:55:44","slug":"stan-k-mini-led","status":"publish","type":"product","link":"https:\/\/kulenslighting.com\/?product=stan-k-mini-led","title":{"rendered":"STAN-K MINI LED"},"content":{"rendered":"","protected":false},"excerpt":{"rendered":"<p>LUMINARIO PARA AMBIENTES H\u00daMEDOS, \u00c1REAS DE GRADO ALIMENTICIO, ALMAC\u00c9N FR\u00cdO, C\u00c1MARAS DE CONGELACI\u00d3N Y ESTACIONAMIENTOS<\/p>\n<p>CARACTER\u00cdSTICAS:<\/p>\n<p>\u2022 Montaje sobrepuesta o colganteada<br \/>\n\u2022 Potencia programable desde <strong>22W<\/strong> hasta <strong>84W<\/strong><br \/>\npor medio de NFC<br \/>\n\u2022 Eficiencia <strong>189lm\/W<\/strong> nominales<br \/>\n\u2022 CRI 80<br \/>\n\u2022 80,000hrs vida \u00fatil<br \/>\n\u2022 Entrada 120-277VAC 50-60Hz<br \/>\n\u2022 Corriente m\u00e1x. entrada 0.7A\/0.303A &gt; 0.95@<br \/>\ncarga m\u00e1x. THD m\u00e1x. 20%<br \/>\n\u2022 Potencia m\u00e1x. entrada 84W<br \/>\n\u2022 Seguridad fotosensible<br \/>\n\u2022 Atenuable 0-10<br \/>\n\u2022 Temperatura de funcionamiento: M\u00edn. -40\u00b0c \/ M\u00e1x. 55\u00b0c<br \/>\n\u2022 Resistente a la intemperie<br \/>\n\u2022 Herm\u00e9tico<br \/>\n\u2022 Resistente al impacto<br \/>\n\u2022 <strong>Garant\u00eda 24\/7, uso continuo por 5 a\u00f1os<\/strong><br \/>\n\u2022 <strong>Refaccionable<\/strong><\/p>\n<p><a href=\"https:\/\/kulenslighting.com\/wp-content\/uploads\/2025\/07\/STAN-K-MINI-LED_FICHA-TECNICA.pdf\" target=\"_blank\" rel=\"noopener\"><em><strong>Descarga ficha t\u00e9cnica<\/strong><\/em><\/a><\/p>\n<pre><a href=\"https:\/\/kulenslighting.com\/?product=stan-k-mini-refacciones\">REFACCIONES DISPONIBLES<\/a><\/pre>\n","protected":false},"featured_media":1821,"template":"","meta":{"_joinchat":[]},"product_brand":[],"product_cat":[54,25],"product_tag":[],"class_list":{"0":"post-843","1":"product","2":"type-product","3":"status-publish","4":"has-post-thumbnail","6":"product_cat-hermeticas","7":"product_cat-industrial","9":"first","10":"instock","11":"shipping-taxable","12":"product-type-simple"},"_links":{"self":[{"href":"https:\/\/kulenslighting.com\/index.php?rest_route=\/wp\/v2\/product\/843","targetHints":{"allow":["GET"]}}],"collection":[{"href":"https:\/\/kulenslighting.com\/index.php?rest_route=\/wp\/v2\/product"}],"about":[{"href":"https:\/\/kulenslighting.com\/index.php?rest_route=\/wp\/v2\/types\/product"}],"wp:featuredmedia":[{"embeddable":true,"href":"https:\/\/kulenslighting.com\/index.php?rest_route=\/wp\/v2\/media\/1821"}],"wp:attachment":[{"href":"https:\/\/kulenslighting.com\/index.php?rest_route=%2Fwp%2Fv2%2Fmedia&parent=843"}],"wp:term":[{"taxonomy":"product_brand","embeddable":true,"href":"https:\/\/kulenslighting.com\/index.php?rest_route=%2Fwp%2Fv2%2Fproduct_brand&post=843"},{"taxonomy":"product_cat","embeddable":true,"href":"https:\/\/kulenslighting.com\/index.php?rest_route=%2Fwp%2Fv2%2Fproduct_cat&post=843"},{"taxonomy":"product_tag","embeddable":true,"href":"https:\/\/kulenslighting.com\/index.php?rest_route=%2Fwp%2Fv2%2Fproduct_tag&post=843"}],"curies":[{"name":"wp","href":"https:\/\/api.w.org\/{rel}","templated":true}]}}