{"id":632,"date":"2025-05-29T06:24:46","date_gmt":"2025-05-29T06:24:46","guid":{"rendered":"https:\/\/kulenslighting.com\/?post_type=product&#038;p=632"},"modified":"2025-07-10T13:22:48","modified_gmt":"2025-07-10T18:22:48","slug":"walle-seleccionable","status":"publish","type":"product","link":"https:\/\/kulenslighting.com\/?product=walle-seleccionable","title":{"rendered":"WALLE SELECCIONABLE"},"content":{"rendered":"","protected":false},"excerpt":{"rendered":"<p>LUMINARIO PARA \u00c1REAS ABIERTAS, PARA PASILLOS, ESTACIONAMIENTOS Y \u00c1REAS EXTERIORES<\/p>\n<ul>\n<li><strong>CARACTER\u00cdSTICAS:<\/strong><br \/>\n\u2022 Montaje sobreponer<br \/>\n\u2022 Potencia seleccionable 25W, 50W, 75W y 100W<br \/>\n\u2022 Eficiencia 130lm\/W &#8211; 140lm\/W nominales<br \/>\n\u2022 CRI 80<br \/>\n\u2022 50,000hrs vida \u00fatil<br \/>\n\u2022 Entrada 100-277VAC 50-60Hz<br \/>\n\u2022 Corriente m\u00e1x. entrada 0.25A\/0.9 o 0.50A\/0.18 o 0.75A\/0.27 o<br \/>\n1.0A\/0.36 &gt; 0.95@ carga m\u00e1x. THD m\u00e1x. 20%<br \/>\n\u2022 Potencia m\u00e1x. entrada 100W<br \/>\n\u2022 Temperatura de funcionamiento: M\u00edn. -40\u00b0c \/ M\u00e1x. 55\u00b0c<br \/>\n\u2022 Rotaci\u00f3n f\u00e1cil para diferentes \u00e1ngulos de haz<br \/>\n\u2022 Reflector de policarbonato de alta eficiencia<br \/>\n\u2022 Fotocelda disponible<br \/>\n\u2022 \u00c1ngulo de 120\u00b0<br \/>\n\u2022 Atenuable 1 &#8211; 10V<br \/>\n\u2022 Anti deslumbramiento<br \/>\n\u2022 <strong>Garant\u00eda 5 a\u00f1os<\/strong><\/li>\n<\/ul>\n<p><a href=\"https:\/\/kulenslighting.com\/wp-content\/uploads\/2025\/05\/WALLE_FICHA_TECNICA.pdf\" target=\"_blank\" rel=\"noopener\"><strong><em>Descarga ficha t\u00e9cnica<\/em><\/strong><\/a><\/p>\n","protected":false},"featured_media":630,"template":"","meta":{"_joinchat":[]},"product_brand":[],"product_cat":[25,34],"product_tag":[],"class_list":{"0":"post-632","1":"product","2":"type-product","3":"status-publish","4":"has-post-thumbnail","6":"product_cat-industrial","7":"product_cat-wallpack","9":"first","10":"instock","11":"shipping-taxable","12":"product-type-simple"},"_links":{"self":[{"href":"https:\/\/kulenslighting.com\/index.php?rest_route=\/wp\/v2\/product\/632","targetHints":{"allow":["GET"]}}],"collection":[{"href":"https:\/\/kulenslighting.com\/index.php?rest_route=\/wp\/v2\/product"}],"about":[{"href":"https:\/\/kulenslighting.com\/index.php?rest_route=\/wp\/v2\/types\/product"}],"wp:featuredmedia":[{"embeddable":true,"href":"https:\/\/kulenslighting.com\/index.php?rest_route=\/wp\/v2\/media\/630"}],"wp:attachment":[{"href":"https:\/\/kulenslighting.com\/index.php?rest_route=%2Fwp%2Fv2%2Fmedia&parent=632"}],"wp:term":[{"taxonomy":"product_brand","embeddable":true,"href":"https:\/\/kulenslighting.com\/index.php?rest_route=%2Fwp%2Fv2%2Fproduct_brand&post=632"},{"taxonomy":"product_cat","embeddable":true,"href":"https:\/\/kulenslighting.com\/index.php?rest_route=%2Fwp%2Fv2%2Fproduct_cat&post=632"},{"taxonomy":"product_tag","embeddable":true,"href":"https:\/\/kulenslighting.com\/index.php?rest_route=%2Fwp%2Fv2%2Fproduct_tag&post=632"}],"curies":[{"name":"wp","href":"https:\/\/api.w.org\/{rel}","templated":true}]}}