{"id":1973,"date":"2025-07-29T19:53:34","date_gmt":"2025-07-30T00:53:34","guid":{"rendered":"https:\/\/kulenslighting.com\/?post_type=product&#038;p=1973"},"modified":"2025-08-07T10:29:28","modified_gmt":"2025-08-07T15:29:28","slug":"atex","status":"publish","type":"product","link":"https:\/\/kulenslighting.com\/?product=atex","title":{"rendered":"Atex"},"content":{"rendered":"","protected":false},"excerpt":{"rendered":"<p>LUMINARIO PARA \u00c1REAS PELIGROSAS A PRUEBA DE EXPLOSI\u00d3N. CLASE 1 DIVISI\u00d3N 2 GRUPOS A, B, C Y D<\/p>\n<p><strong>CARACTER\u00cdSTICAS:<\/strong><br \/>\n\u2022 Adecuado para uso en instalaciones Clase 1<br \/>\nDivisi\u00f3n 2 grupos A, B, C y D<br \/>\n\u2022 Montaje en plaf\u00f3n cuarto limpio y plaf\u00f3n reticular<br \/>\n\u2022 Eficiencia 125lm\/W nominales<br \/>\n\u2022 CRI&gt;80<br \/>\n\u2022 &gt;50,000hrs de vida \u00fatil L70B50<br \/>\n\u2022 Entrada 120-277VAC<br \/>\n\u2022 Corriente m\u00e1xima de entrada: 1.36A\/0.59A<br \/>\n\u2022 Potencia m\u00e1xima de entrada 164W<br \/>\n\u2022 Frecuencia de funcionamiento 50-60Hz<br \/>\n\u2022 Factor de potencia &gt;0.95@ carga m\u00e1xima<br \/>\n\u2022 THD m\u00e1x. &lt;20% @ con carga m\u00e1xima<br \/>\n\u2022 Refaccionable<br \/>\n\u2022 Garant\u00eda 5 a\u00f1os<\/p>\n<p><a href=\"https:\/\/kulenslighting.com\/wp-content\/uploads\/2025\/07\/ATEX_FICHA-TECNICA.pdf\"><em><strong>Descarga ficha t\u00e9cnica<\/strong><\/em><\/a><\/p>\n","protected":false},"featured_media":1975,"template":"","meta":{"_joinchat":[]},"product_brand":[],"product_cat":[26],"product_tag":[],"class_list":{"0":"post-1973","1":"product","2":"type-product","3":"status-publish","4":"has-post-thumbnail","6":"product_cat-cuarto-limpio-y-atex","8":"first","9":"instock","10":"shipping-taxable","11":"product-type-simple"},"_links":{"self":[{"href":"https:\/\/kulenslighting.com\/index.php?rest_route=\/wp\/v2\/product\/1973","targetHints":{"allow":["GET"]}}],"collection":[{"href":"https:\/\/kulenslighting.com\/index.php?rest_route=\/wp\/v2\/product"}],"about":[{"href":"https:\/\/kulenslighting.com\/index.php?rest_route=\/wp\/v2\/types\/product"}],"wp:featuredmedia":[{"embeddable":true,"href":"https:\/\/kulenslighting.com\/index.php?rest_route=\/wp\/v2\/media\/1975"}],"wp:attachment":[{"href":"https:\/\/kulenslighting.com\/index.php?rest_route=%2Fwp%2Fv2%2Fmedia&parent=1973"}],"wp:term":[{"taxonomy":"product_brand","embeddable":true,"href":"https:\/\/kulenslighting.com\/index.php?rest_route=%2Fwp%2Fv2%2Fproduct_brand&post=1973"},{"taxonomy":"product_cat","embeddable":true,"href":"https:\/\/kulenslighting.com\/index.php?rest_route=%2Fwp%2Fv2%2Fproduct_cat&post=1973"},{"taxonomy":"product_tag","embeddable":true,"href":"https:\/\/kulenslighting.com\/index.php?rest_route=%2Fwp%2Fv2%2Fproduct_tag&post=1973"}],"curies":[{"name":"wp","href":"https:\/\/api.w.org\/{rel}","templated":true}]}}