{"id":1708,"date":"2025-06-27T23:44:07","date_gmt":"2025-06-27T23:44:07","guid":{"rendered":"https:\/\/kulenslighting.com\/?post_type=product&#038;p=1708"},"modified":"2025-07-08T12:37:52","modified_gmt":"2025-07-08T17:37:52","slug":"lgrspotlgr10-accesorios-blanco","status":"publish","type":"product","link":"https:\/\/kulenslighting.com\/?product=lgrspotlgr10-accesorios-blanco","title":{"rendered":"LGRSpot(LGR10-Accesorios) Blanco"},"content":{"rendered":"","protected":false},"excerpt":{"rendered":"<p>Accesorios dise\u00f1ados para complementar y mantener el \u00f3ptimo desempe\u00f1o del spot<\/p>\n<ol>\n<li>Aros de fijaci\u00f3n met\u00e1licos &#8211; ELGR10B<\/li>\n<li>Marco embellecedor &#8211; A1LGR10B<\/li>\n<\/ol>\n<p><strong data-start=\"310\" data-end=\"369\">\u00a1Sustituye solo lo necesario y ahorra en mantenimiento!<\/strong><\/p>\n<p>&nbsp;<\/p>\n","protected":false},"featured_media":1730,"template":"","meta":{"_joinchat":[]},"product_brand":[],"product_cat":[29,82],"product_tag":[],"class_list":{"0":"post-1708","1":"product","2":"type-product","3":"status-publish","4":"has-post-thumbnail","6":"product_cat-integracion-y-refaccionamiento","7":"product_cat-refacciones","9":"first","10":"instock","11":"shipping-taxable","12":"product-type-simple"},"_links":{"self":[{"href":"https:\/\/kulenslighting.com\/index.php?rest_route=\/wp\/v2\/product\/1708","targetHints":{"allow":["GET"]}}],"collection":[{"href":"https:\/\/kulenslighting.com\/index.php?rest_route=\/wp\/v2\/product"}],"about":[{"href":"https:\/\/kulenslighting.com\/index.php?rest_route=\/wp\/v2\/types\/product"}],"wp:featuredmedia":[{"embeddable":true,"href":"https:\/\/kulenslighting.com\/index.php?rest_route=\/wp\/v2\/media\/1730"}],"wp:attachment":[{"href":"https:\/\/kulenslighting.com\/index.php?rest_route=%2Fwp%2Fv2%2Fmedia&parent=1708"}],"wp:term":[{"taxonomy":"product_brand","embeddable":true,"href":"https:\/\/kulenslighting.com\/index.php?rest_route=%2Fwp%2Fv2%2Fproduct_brand&post=1708"},{"taxonomy":"product_cat","embeddable":true,"href":"https:\/\/kulenslighting.com\/index.php?rest_route=%2Fwp%2Fv2%2Fproduct_cat&post=1708"},{"taxonomy":"product_tag","embeddable":true,"href":"https:\/\/kulenslighting.com\/index.php?rest_route=%2Fwp%2Fv2%2Fproduct_tag&post=1708"}],"curies":[{"name":"wp","href":"https:\/\/api.w.org\/{rel}","templated":true}]}}