{"id":1691,"date":"2025-06-27T18:42:26","date_gmt":"2025-06-27T18:42:26","guid":{"rendered":"https:\/\/kulenslighting.com\/?post_type=product&#038;p=1691"},"modified":"2025-07-07T19:47:47","modified_gmt":"2025-07-08T00:47:47","slug":"pua-refacciones-empotrada","status":"publish","type":"product","link":"https:\/\/kulenslighting.com\/?product=pua-refacciones-empotrada","title":{"rendered":"PUA Refacciones (Empotrada)"},"content":{"rendered":"","protected":false},"excerpt":{"rendered":"<p>Mant\u00e9n tus luminarios siempre en \u00f3ptimas condiciones. Contamos con una l\u00ednea completa de refacciones:<\/p>\n<p>1.- Driver &#8211; XI075C200V054BST2<\/p>\n<p>2.- M\u00f3dulo LED<br \/>\n3000K &#8211; 128082\/830AD<br \/>\n4000K &#8211; 128082\/840AD<br \/>\n5000K &#8211; 128082\/850AD<\/p>\n<p>3.- Acr\u00edlico<br \/>\n3000K &#8211; ACC-ACRI-PUA-02<br \/>\n4000K &#8211; ACC-ACRI-PUA-04<br \/>\n5000K &#8211; ACC-ACRI-PUA-08<\/p>\n<p>4.- Broches de sujeci\u00f3n<\/p>\n<p><strong data-start=\"310\" data-end=\"369\">\u00a1Sustituye solo lo necesario y ahorra en mantenimiento!<\/strong><\/p>\n","protected":false},"featured_media":1696,"template":"","meta":{"_joinchat":[]},"product_brand":[],"product_cat":[29,82],"product_tag":[],"class_list":{"0":"post-1691","1":"product","2":"type-product","3":"status-publish","4":"has-post-thumbnail","6":"product_cat-integracion-y-refaccionamiento","7":"product_cat-refacciones","9":"first","10":"instock","11":"shipping-taxable","12":"product-type-simple"},"_links":{"self":[{"href":"https:\/\/kulenslighting.com\/index.php?rest_route=\/wp\/v2\/product\/1691","targetHints":{"allow":["GET"]}}],"collection":[{"href":"https:\/\/kulenslighting.com\/index.php?rest_route=\/wp\/v2\/product"}],"about":[{"href":"https:\/\/kulenslighting.com\/index.php?rest_route=\/wp\/v2\/types\/product"}],"wp:featuredmedia":[{"embeddable":true,"href":"https:\/\/kulenslighting.com\/index.php?rest_route=\/wp\/v2\/media\/1696"}],"wp:attachment":[{"href":"https:\/\/kulenslighting.com\/index.php?rest_route=%2Fwp%2Fv2%2Fmedia&parent=1691"}],"wp:term":[{"taxonomy":"product_brand","embeddable":true,"href":"https:\/\/kulenslighting.com\/index.php?rest_route=%2Fwp%2Fv2%2Fproduct_brand&post=1691"},{"taxonomy":"product_cat","embeddable":true,"href":"https:\/\/kulenslighting.com\/index.php?rest_route=%2Fwp%2Fv2%2Fproduct_cat&post=1691"},{"taxonomy":"product_tag","embeddable":true,"href":"https:\/\/kulenslighting.com\/index.php?rest_route=%2Fwp%2Fv2%2Fproduct_tag&post=1691"}],"curies":[{"name":"wp","href":"https:\/\/api.w.org\/{rel}","templated":true}]}}