{"id":1652,"date":"2025-06-27T15:51:00","date_gmt":"2025-06-27T15:51:00","guid":{"rendered":"https:\/\/kulenslighting.com\/?post_type=product&#038;p=1652"},"modified":"2025-07-10T19:16:20","modified_gmt":"2025-07-11T00:16:20","slug":"stan-k-high-bay-led","status":"publish","type":"product","link":"https:\/\/kulenslighting.com\/?product=stan-k-high-bay-led","title":{"rendered":"STAN-K HIGH BAY LED"},"content":{"rendered":"","protected":false},"excerpt":{"rendered":"<p>LUMINARIO PARA AMBIENTES H\u00daMEDOS, \u00c1REAS DE GRADO ALIMENTICIO, C\u00c1MARAS DE CONGELACI\u00d3N, ESTACIONAMIENTOS Y AMBIENTES DONDE LA SUCIEDAD Y EL POLVO EST\u00c1N PRESENTES<\/p>\n<p>CARACTER\u00cdSTICAS:<\/p>\n<p>\u2022 Montaje sobrepuesta o colganteada<br \/>\n\u2022 Potencia programable desde <strong>100W<\/strong> hasta <strong>280W<\/strong><br \/>\npor medio de NFC<br \/>\n\u2022 Eficiencia <strong>192lm\/W<\/strong> nominales<br \/>\n\u2022 CRI 80<br \/>\n\u2022 50,000hrs vida \u00fatil<br \/>\n\u2022 Entrada 120-277VAC 50-60Hz<br \/>\n\u2022 Corriente m\u00e1x. entrada 2.21A\/0.96A &gt; 0.95@ carga m\u00e1x. THD m\u00e1x. 20%<br \/>\n\u2022 Potencia m\u00e1x. entrada 265W<br \/>\n\u2022 Temperatura de funcionamiento: M\u00edn. -20\u00b0c \/ M\u00e1x. 55\u00b0c<br \/>\n\u2022 Resistente a la intemperie<br \/>\n\u2022 Herm\u00e9tico<br \/>\n\u2022 Resistente al impacto<br \/>\n<strong>\u2022 Garant\u00eda 5 a\u00f1os<\/strong><br \/>\n<strong>\u2022 Refaccionable<\/strong><\/p>\n<p><a href=\"https:\/\/kulenslighting.com\/wp-content\/uploads\/2025\/06\/STAN-K_HIGH_BAY_LED_FICHA_TECNICA.pdf\" target=\"_blank\" rel=\"noopener\"><em><strong>Descarga ficha t\u00e9cnica<\/strong><\/em><\/a><\/p>\n<pre><a href=\"https:\/\/kulenslighting.com\/?product=stan-k-hb-led-refacciones\"><strong>REFACCIONES DISPONIBLES<\/strong><\/a><\/pre>\n","protected":false},"featured_media":654,"template":"","meta":{"_joinchat":[]},"product_brand":[],"product_cat":[55,25],"product_tag":[],"class_list":{"0":"post-1652","1":"product","2":"type-product","3":"status-publish","4":"has-post-thumbnail","6":"product_cat-high-bay","7":"product_cat-industrial","9":"first","10":"instock","11":"shipping-taxable","12":"product-type-simple"},"_links":{"self":[{"href":"https:\/\/kulenslighting.com\/index.php?rest_route=\/wp\/v2\/product\/1652","targetHints":{"allow":["GET"]}}],"collection":[{"href":"https:\/\/kulenslighting.com\/index.php?rest_route=\/wp\/v2\/product"}],"about":[{"href":"https:\/\/kulenslighting.com\/index.php?rest_route=\/wp\/v2\/types\/product"}],"wp:featuredmedia":[{"embeddable":true,"href":"https:\/\/kulenslighting.com\/index.php?rest_route=\/wp\/v2\/media\/654"}],"wp:attachment":[{"href":"https:\/\/kulenslighting.com\/index.php?rest_route=%2Fwp%2Fv2%2Fmedia&parent=1652"}],"wp:term":[{"taxonomy":"product_brand","embeddable":true,"href":"https:\/\/kulenslighting.com\/index.php?rest_route=%2Fwp%2Fv2%2Fproduct_brand&post=1652"},{"taxonomy":"product_cat","embeddable":true,"href":"https:\/\/kulenslighting.com\/index.php?rest_route=%2Fwp%2Fv2%2Fproduct_cat&post=1652"},{"taxonomy":"product_tag","embeddable":true,"href":"https:\/\/kulenslighting.com\/index.php?rest_route=%2Fwp%2Fv2%2Fproduct_tag&post=1652"}],"curies":[{"name":"wp","href":"https:\/\/api.w.org\/{rel}","templated":true}]}}