{"id":1578,"date":"2025-06-25T23:01:26","date_gmt":"2025-06-25T23:01:26","guid":{"rendered":"https:\/\/kulenslighting.com\/?post_type=product&#038;p=1578"},"modified":"2025-07-09T18:51:29","modified_gmt":"2025-07-09T23:51:29","slug":"lgroutdoorlgr19ab","status":"publish","type":"product","link":"https:\/\/kulenslighting.com\/?product=lgroutdoorlgr19ab","title":{"rendered":"LGROutdoor(LGR19AB)"},"content":{"rendered":"","protected":false},"excerpt":{"rendered":"<p>EXTERIOR ARBOTANTES<br \/>\nUna luminaria tipo arbotante es mucho m\u00e1s que una fuente de luz: es una soluci\u00f3n integral que combina funcionalidad, seguridad, eficiencia energ\u00e9tica y dise\u00f1o.<\/p>\n<p>Los arbotantes ofrecen versatilidad est\u00e9tica y alto rendimiento, adapt\u00e1ndose perfectamente a cualquier necesidad de iluminaci\u00f3n.<\/p>\n<p><strong>CARACTER\u00cdSTICAS:<\/strong><\/p>\n<ul>\n<li>BLANCO<\/li>\n<li><strong>IP 65<\/strong><\/li>\n<li>L\u00e1mpara GU10 (2 piezas. No incluidas)<\/li>\n<li>Luz Bidireccional<\/li>\n<li>Aluminio<\/li>\n<li><strong>5 a\u00f1os de Garant\u00eda<\/strong><\/li>\n<\/ul>\n<p><a href=\"https:\/\/kulenslighting.com\/wp-content\/uploads\/2025\/06\/LGR-ARBOTANTES_FICHA-TECNICA.pdf\" target=\"_blank\" rel=\"noopener\"><em><strong>Descarga ficha t\u00e9cnica<\/strong><\/em><\/a><\/p>\n<pre><a href=\"https:\/\/kulenslighting.com\/?product=lamparas-gu10\"><strong>REFACCIONES DISPONIBLES<\/strong><\/a><\/pre>\n","protected":false},"featured_media":1564,"template":"","meta":{"_joinchat":[]},"product_brand":[],"product_cat":[78,56],"product_tag":[],"class_list":{"0":"post-1578","1":"product","2":"type-product","3":"status-publish","4":"has-post-thumbnail","6":"product_cat-arbotantes","7":"product_cat-arquitectonico","9":"first","10":"instock","11":"shipping-taxable","12":"product-type-simple"},"_links":{"self":[{"href":"https:\/\/kulenslighting.com\/index.php?rest_route=\/wp\/v2\/product\/1578","targetHints":{"allow":["GET"]}}],"collection":[{"href":"https:\/\/kulenslighting.com\/index.php?rest_route=\/wp\/v2\/product"}],"about":[{"href":"https:\/\/kulenslighting.com\/index.php?rest_route=\/wp\/v2\/types\/product"}],"wp:featuredmedia":[{"embeddable":true,"href":"https:\/\/kulenslighting.com\/index.php?rest_route=\/wp\/v2\/media\/1564"}],"wp:attachment":[{"href":"https:\/\/kulenslighting.com\/index.php?rest_route=%2Fwp%2Fv2%2Fmedia&parent=1578"}],"wp:term":[{"taxonomy":"product_brand","embeddable":true,"href":"https:\/\/kulenslighting.com\/index.php?rest_route=%2Fwp%2Fv2%2Fproduct_brand&post=1578"},{"taxonomy":"product_cat","embeddable":true,"href":"https:\/\/kulenslighting.com\/index.php?rest_route=%2Fwp%2Fv2%2Fproduct_cat&post=1578"},{"taxonomy":"product_tag","embeddable":true,"href":"https:\/\/kulenslighting.com\/index.php?rest_route=%2Fwp%2Fv2%2Fproduct_tag&post=1578"}],"curies":[{"name":"wp","href":"https:\/\/api.w.org\/{rel}","templated":true}]}}