{"id":1576,"date":"2025-06-25T22:50:04","date_gmt":"2025-06-25T22:50:04","guid":{"rendered":"https:\/\/kulenslighting.com\/?post_type=product&#038;p=1576"},"modified":"2025-07-09T18:43:43","modified_gmt":"2025-07-09T23:43:43","slug":"lgroutdoorlgr18ab","status":"publish","type":"product","link":"https:\/\/kulenslighting.com\/?product=lgroutdoorlgr18ab","title":{"rendered":"LGROutdoor (LGR18AB)"},"content":{"rendered":"","protected":false},"excerpt":{"rendered":"<p>EXTERIOR ARBOTANTES<br \/>\nDisfruta de una iluminaci\u00f3n m\u00e1s c\u00f3moda y est\u00e9tica, creando ambientes m\u00e1s agradables y mejorando la distribuci\u00f3n de la luz, d\u00e1ndole un acabado elegante y sofisticado, perfecto para espacios residenciales y comerciales.<\/p>\n<p><strong>CARACTER\u00cdSTICAS:<\/strong><\/p>\n<ul>\n<li>BLANCO<\/li>\n<li><strong>IP 65<\/strong><\/li>\n<li>L\u00e1mpara GU10 (1 pieza. No incluidas)<\/li>\n<li>Luz Direccional<\/li>\n<li>Aluminio<\/li>\n<li><strong>5 a\u00f1os de Garant\u00eda<\/strong><\/li>\n<\/ul>\n<p><a href=\"https:\/\/kulenslighting.com\/wp-content\/uploads\/2025\/06\/LGR-ARBOTANTES_FICHA-TECNICA.pdf\" target=\"_blank\" rel=\"noopener\"><em><strong>Descarga ficha t\u00e9cnica<\/strong><\/em><\/a><\/p>\n<pre><a href=\"https:\/\/kulenslighting.com\/?product=lamparas-gu10\"><strong>REFACCIONES DISPONIBLES<\/strong><\/a><\/pre>\n","protected":false},"featured_media":1559,"template":"","meta":{"_joinchat":[]},"product_brand":[],"product_cat":[78,56],"product_tag":[],"class_list":{"0":"post-1576","1":"product","2":"type-product","3":"status-publish","4":"has-post-thumbnail","6":"product_cat-arbotantes","7":"product_cat-arquitectonico","9":"first","10":"instock","11":"shipping-taxable","12":"product-type-simple"},"_links":{"self":[{"href":"https:\/\/kulenslighting.com\/index.php?rest_route=\/wp\/v2\/product\/1576","targetHints":{"allow":["GET"]}}],"collection":[{"href":"https:\/\/kulenslighting.com\/index.php?rest_route=\/wp\/v2\/product"}],"about":[{"href":"https:\/\/kulenslighting.com\/index.php?rest_route=\/wp\/v2\/types\/product"}],"wp:featuredmedia":[{"embeddable":true,"href":"https:\/\/kulenslighting.com\/index.php?rest_route=\/wp\/v2\/media\/1559"}],"wp:attachment":[{"href":"https:\/\/kulenslighting.com\/index.php?rest_route=%2Fwp%2Fv2%2Fmedia&parent=1576"}],"wp:term":[{"taxonomy":"product_brand","embeddable":true,"href":"https:\/\/kulenslighting.com\/index.php?rest_route=%2Fwp%2Fv2%2Fproduct_brand&post=1576"},{"taxonomy":"product_cat","embeddable":true,"href":"https:\/\/kulenslighting.com\/index.php?rest_route=%2Fwp%2Fv2%2Fproduct_cat&post=1576"},{"taxonomy":"product_tag","embeddable":true,"href":"https:\/\/kulenslighting.com\/index.php?rest_route=%2Fwp%2Fv2%2Fproduct_tag&post=1576"}],"curies":[{"name":"wp","href":"https:\/\/api.w.org\/{rel}","templated":true}]}}