{"id":1570,"date":"2025-06-25T22:32:35","date_gmt":"2025-06-25T22:32:35","guid":{"rendered":"https:\/\/kulenslighting.com\/?post_type=product&#038;p=1570"},"modified":"2025-07-09T18:36:00","modified_gmt":"2025-07-09T23:36:00","slug":"lgroutdoorlgr16ab","status":"publish","type":"product","link":"https:\/\/kulenslighting.com\/?product=lgroutdoorlgr16ab","title":{"rendered":"LGROutdoor (LGR16AB)"},"content":{"rendered":"","protected":false},"excerpt":{"rendered":"<p>EXTERIOR ARBOTANTES<br \/>\nIdeales para fachadas, jardines, patios y entradas principales, los arbotantes no solo mejoran la visibilidad y seguridad en exteriores, sino que tambi\u00e9n aportan un toque de estilo, ya sea moderno, cl\u00e1sico o r\u00fastico, dependiendo del dise\u00f1o seleccionado.<\/p>\n<p><strong>CARACTER\u00cdSTICAS:<\/strong><\/p>\n<ul>\n<li>BLANCO<\/li>\n<li><strong>IP 65<\/strong><\/li>\n<li>L\u00e1mpara GU10 (1 pieza. No incluidas)<\/li>\n<li>Luz Direccional<\/li>\n<li>Aluminio<\/li>\n<li><strong>5 a\u00f1os de Garant\u00eda<\/strong><\/li>\n<\/ul>\n<p><a href=\"https:\/\/kulenslighting.com\/wp-content\/uploads\/2025\/06\/LGR-ARBOTANTES_FICHA-TECNICA.pdf\" target=\"_blank\" rel=\"noopener\"><em><strong>Descarga ficha t\u00e9cnica<\/strong><\/em><\/a><\/p>\n<pre><a href=\"https:\/\/kulenslighting.com\/?product=lamparas-gu10\"><strong>REFACCIONES DISPONIBLES<\/strong><\/a><\/pre>\n","protected":false},"featured_media":1555,"template":"","meta":{"_joinchat":[]},"product_brand":[],"product_cat":[78],"product_tag":[],"class_list":{"0":"post-1570","1":"product","2":"type-product","3":"status-publish","4":"has-post-thumbnail","6":"product_cat-arbotantes","8":"first","9":"instock","10":"shipping-taxable","11":"product-type-simple"},"_links":{"self":[{"href":"https:\/\/kulenslighting.com\/index.php?rest_route=\/wp\/v2\/product\/1570","targetHints":{"allow":["GET"]}}],"collection":[{"href":"https:\/\/kulenslighting.com\/index.php?rest_route=\/wp\/v2\/product"}],"about":[{"href":"https:\/\/kulenslighting.com\/index.php?rest_route=\/wp\/v2\/types\/product"}],"wp:featuredmedia":[{"embeddable":true,"href":"https:\/\/kulenslighting.com\/index.php?rest_route=\/wp\/v2\/media\/1555"}],"wp:attachment":[{"href":"https:\/\/kulenslighting.com\/index.php?rest_route=%2Fwp%2Fv2%2Fmedia&parent=1570"}],"wp:term":[{"taxonomy":"product_brand","embeddable":true,"href":"https:\/\/kulenslighting.com\/index.php?rest_route=%2Fwp%2Fv2%2Fproduct_brand&post=1570"},{"taxonomy":"product_cat","embeddable":true,"href":"https:\/\/kulenslighting.com\/index.php?rest_route=%2Fwp%2Fv2%2Fproduct_cat&post=1570"},{"taxonomy":"product_tag","embeddable":true,"href":"https:\/\/kulenslighting.com\/index.php?rest_route=%2Fwp%2Fv2%2Fproduct_tag&post=1570"}],"curies":[{"name":"wp","href":"https:\/\/api.w.org\/{rel}","templated":true}]}}