{"id":1513,"date":"2025-06-25T22:02:56","date_gmt":"2025-06-25T22:02:56","guid":{"rendered":"https:\/\/kulenslighting.com\/?post_type=product&#038;p=1513"},"modified":"2025-07-09T18:32:11","modified_gmt":"2025-07-09T23:32:11","slug":"lgroutdoorlgr15ab","status":"publish","type":"product","link":"https:\/\/kulenslighting.com\/?product=lgroutdoorlgr15ab","title":{"rendered":"LGROutdoor (LGR15AB)"},"content":{"rendered":"","protected":false},"excerpt":{"rendered":"<p>EXTERIOR ARBOTANTES<br \/>\nColecci\u00f3n de arbotantes para exteriores con tecnolog\u00eda LED y selecci\u00f3n de temperatura de color. Su dise\u00f1o atemporal y versatilidad los hacen ideales tanto para espacios residenciales como p\u00fablicos.<\/p>\n<p>Con certificaci\u00f3n IP65, garantizan resistencia a las condiciones clim\u00e1ticas, y sus diversos acabados permiten adaptarse a cualquier ambiente o concepto de iluminaci\u00f3n.<\/p>\n<p><strong>CARACTER\u00cdSTICAS:<\/strong><\/p>\n<ul>\n<li>BLANCO<\/li>\n<li><strong>IP 65<\/strong><\/li>\n<li>L\u00e1mpara GU10 (2 piezas. No incluidas)<\/li>\n<li>Luz Bidireccional<\/li>\n<li>Aluminio<\/li>\n<li><strong>5 a\u00f1os de Garant\u00eda<\/strong><\/li>\n<\/ul>\n<p><a href=\"https:\/\/kulenslighting.com\/wp-content\/uploads\/2025\/06\/LGR-ARBOTANTES_FICHA-TECNICA.pdf\" target=\"_blank\" rel=\"noopener\"><em><strong>Descarga ficha t\u00e9cnica<\/strong><\/em><\/a><\/p>\n<pre><a href=\"https:\/\/kulenslighting.com\/?product=lamparas-gu10\"><em>REFACCIONES DISPONIBLES<\/em><\/a><\/pre>\n","protected":false},"featured_media":1553,"template":"","meta":{"_joinchat":[]},"product_brand":[],"product_cat":[78,56],"product_tag":[],"class_list":{"0":"post-1513","1":"product","2":"type-product","3":"status-publish","4":"has-post-thumbnail","6":"product_cat-arbotantes","7":"product_cat-arquitectonico","9":"first","10":"instock","11":"shipping-taxable","12":"product-type-simple"},"_links":{"self":[{"href":"https:\/\/kulenslighting.com\/index.php?rest_route=\/wp\/v2\/product\/1513","targetHints":{"allow":["GET"]}}],"collection":[{"href":"https:\/\/kulenslighting.com\/index.php?rest_route=\/wp\/v2\/product"}],"about":[{"href":"https:\/\/kulenslighting.com\/index.php?rest_route=\/wp\/v2\/types\/product"}],"wp:featuredmedia":[{"embeddable":true,"href":"https:\/\/kulenslighting.com\/index.php?rest_route=\/wp\/v2\/media\/1553"}],"wp:attachment":[{"href":"https:\/\/kulenslighting.com\/index.php?rest_route=%2Fwp%2Fv2%2Fmedia&parent=1513"}],"wp:term":[{"taxonomy":"product_brand","embeddable":true,"href":"https:\/\/kulenslighting.com\/index.php?rest_route=%2Fwp%2Fv2%2Fproduct_brand&post=1513"},{"taxonomy":"product_cat","embeddable":true,"href":"https:\/\/kulenslighting.com\/index.php?rest_route=%2Fwp%2Fv2%2Fproduct_cat&post=1513"},{"taxonomy":"product_tag","embeddable":true,"href":"https:\/\/kulenslighting.com\/index.php?rest_route=%2Fwp%2Fv2%2Fproduct_tag&post=1513"}],"curies":[{"name":"wp","href":"https:\/\/api.w.org\/{rel}","templated":true}]}}