{"id":1494,"date":"2025-06-25T21:32:54","date_gmt":"2025-06-25T21:32:54","guid":{"rendered":"https:\/\/kulenslighting.com\/?post_type=product&#038;p=1494"},"modified":"2025-07-09T19:12:00","modified_gmt":"2025-07-10T00:12:00","slug":"lgebackview-lge01en","status":"publish","type":"product","link":"https:\/\/kulenslighting.com\/?product=lgebackview-lge01en","title":{"rendered":"LGEBackView (LGE01EN)"},"content":{"rendered":"","protected":false},"excerpt":{"rendered":"<p>Luminaria de techo empotrada con montaje posterior, ideal para l\u00e1mparas GU10. Su dise\u00f1o compacto y minimalista permite una integraci\u00f3n discreta en plafones y techos falsos, brindando una iluminaci\u00f3n puntual elegante y funcional. Acceso por la parte trasera para una instalaci\u00f3n limpia y segura.<\/p>\n<p>CARACTER\u00cdSTICAS:<\/p>\n<ul>\n<li>Negro<\/li>\n<li>L\u00e1mpara: Base GU10 (1 pieza, no incluida)<\/li>\n<li>Policarbonato<\/li>\n<li>IP20 (Interior)<\/li>\n<li>\u00c1ngulo 25\u00b0<\/li>\n<li>Garant\u00eda 5 a\u00f1os<\/li>\n<\/ul>\n<p><a href=\"https:\/\/kulenslighting.com\/wp-content\/uploads\/2025\/06\/LGE-BACKVIEW_FICHA-TECNICA.pdf\" target=\"_blank\" rel=\"noopener\"><strong><em>Descarga ficha t\u00e9cnica<\/em><\/strong><\/a><\/p>\n<pre><a href=\"https:\/\/kulenslighting.com\/?product=lamparas-gu10\"><strong>REFACCIONES DISPONIBLES<\/strong><\/a><\/pre>\n","protected":false},"featured_media":1476,"template":"","meta":{"_joinchat":[]},"product_brand":[],"product_cat":[77,56,59],"product_tag":[],"class_list":{"0":"post-1494","1":"product","2":"type-product","3":"status-publish","4":"has-post-thumbnail","6":"product_cat-antideslumbrantes","7":"product_cat-arquitectonico","8":"product_cat-downlight","10":"first","11":"instock","12":"shipping-taxable","13":"product-type-simple"},"_links":{"self":[{"href":"https:\/\/kulenslighting.com\/index.php?rest_route=\/wp\/v2\/product\/1494","targetHints":{"allow":["GET"]}}],"collection":[{"href":"https:\/\/kulenslighting.com\/index.php?rest_route=\/wp\/v2\/product"}],"about":[{"href":"https:\/\/kulenslighting.com\/index.php?rest_route=\/wp\/v2\/types\/product"}],"wp:featuredmedia":[{"embeddable":true,"href":"https:\/\/kulenslighting.com\/index.php?rest_route=\/wp\/v2\/media\/1476"}],"wp:attachment":[{"href":"https:\/\/kulenslighting.com\/index.php?rest_route=%2Fwp%2Fv2%2Fmedia&parent=1494"}],"wp:term":[{"taxonomy":"product_brand","embeddable":true,"href":"https:\/\/kulenslighting.com\/index.php?rest_route=%2Fwp%2Fv2%2Fproduct_brand&post=1494"},{"taxonomy":"product_cat","embeddable":true,"href":"https:\/\/kulenslighting.com\/index.php?rest_route=%2Fwp%2Fv2%2Fproduct_cat&post=1494"},{"taxonomy":"product_tag","embeddable":true,"href":"https:\/\/kulenslighting.com\/index.php?rest_route=%2Fwp%2Fv2%2Fproduct_tag&post=1494"}],"curies":[{"name":"wp","href":"https:\/\/api.w.org\/{rel}","templated":true}]}}