{"id":1489,"date":"2025-06-25T21:29:56","date_gmt":"2025-06-25T21:29:56","guid":{"rendered":"https:\/\/kulenslighting.com\/?post_type=product&#038;p=1489"},"modified":"2025-07-09T19:16:48","modified_gmt":"2025-07-10T00:16:48","slug":"lgewatertightlge13enip65","status":"publish","type":"product","link":"https:\/\/kulenslighting.com\/?product=lgewatertightlge13enip65","title":{"rendered":"LGEWaterTight (LGE13ENIP65)"},"content":{"rendered":"","protected":false},"excerpt":{"rendered":"<p>BISELES IP65<\/p>\n<p>Se integra con facilidad en una amplia variedad de ambientes y estilos, por su aspecto elegante y sencillo. Proporciona una iluminaci\u00f3n suave, homog\u00e9nea y libre de deslumbramientos.<\/p>\n<p>Este aro destaca por su est\u00e9tica vers\u00e1til, y est\u00e1 disponible en dos variantes de color, ofreciendo opciones decorativas que seadaptan a diferentes preferencias y necesidades.<\/p>\n<p><strong>CARACTER\u00cdSTICAS<\/strong><\/p>\n<ul>\n<li>NEGRO<\/li>\n<li><strong>IP 65<\/strong><\/li>\n<li>Policarbonato<\/li>\n<li>L\u00e1mpara <strong>GU10<\/strong> (1 pieza. No incluido)<\/li>\n<li>Fijo<\/li>\n<li><strong>Garant\u00eda 5 a\u00f1os<\/strong><\/li>\n<\/ul>\n<p><a href=\"https:\/\/kulenslighting.com\/wp-content\/uploads\/2025\/06\/LGR-BISELES_FICHA-TECNICA.pdf\" target=\"_blank\" rel=\"noopener\"><em><strong>Descarga ficha t\u00e9cnica<\/strong><\/em><\/a><\/p>\n<pre><a href=\"https:\/\/kulenslighting.com\/?product=lamparas-gu10\"><strong>REFACCIONES DISPONIBLES<\/strong><\/a><\/pre>\n","protected":false},"featured_media":1458,"template":"","meta":{"_joinchat":[]},"product_brand":[],"product_cat":[56,59,75],"product_tag":[],"class_list":{"0":"post-1489","1":"product","2":"type-product","3":"status-publish","4":"has-post-thumbnail","6":"product_cat-arquitectonico","7":"product_cat-downlight","8":"product_cat-ip65","10":"first","11":"instock","12":"shipping-taxable","13":"product-type-simple"},"_links":{"self":[{"href":"https:\/\/kulenslighting.com\/index.php?rest_route=\/wp\/v2\/product\/1489","targetHints":{"allow":["GET"]}}],"collection":[{"href":"https:\/\/kulenslighting.com\/index.php?rest_route=\/wp\/v2\/product"}],"about":[{"href":"https:\/\/kulenslighting.com\/index.php?rest_route=\/wp\/v2\/types\/product"}],"wp:featuredmedia":[{"embeddable":true,"href":"https:\/\/kulenslighting.com\/index.php?rest_route=\/wp\/v2\/media\/1458"}],"wp:attachment":[{"href":"https:\/\/kulenslighting.com\/index.php?rest_route=%2Fwp%2Fv2%2Fmedia&parent=1489"}],"wp:term":[{"taxonomy":"product_brand","embeddable":true,"href":"https:\/\/kulenslighting.com\/index.php?rest_route=%2Fwp%2Fv2%2Fproduct_brand&post=1489"},{"taxonomy":"product_cat","embeddable":true,"href":"https:\/\/kulenslighting.com\/index.php?rest_route=%2Fwp%2Fv2%2Fproduct_cat&post=1489"},{"taxonomy":"product_tag","embeddable":true,"href":"https:\/\/kulenslighting.com\/index.php?rest_route=%2Fwp%2Fv2%2Fproduct_tag&post=1489"}],"curies":[{"name":"wp","href":"https:\/\/api.w.org\/{rel}","templated":true}]}}