{"id":1298,"date":"2025-06-25T19:43:27","date_gmt":"2025-06-25T19:43:27","guid":{"rendered":"https:\/\/kulenslighting.com\/?post_type=product&#038;p=1298"},"modified":"2025-07-08T13:06:48","modified_gmt":"2025-07-08T18:06:48","slug":"lgrwetlgr02ebip65","status":"publish","type":"product","link":"https:\/\/kulenslighting.com\/?product=lgrwetlgr02ebip65","title":{"rendered":"LGRWet(LGR02EBIP65)"},"content":{"rendered":"","protected":false},"excerpt":{"rendered":"<p>BISELES IP65<\/p>\n<p>Descubre la fusi\u00f3n ideal entre dise\u00f1o est\u00e9tico y materiales de alta resistencia.<\/p>\n<p>Transforma tus espacios en ambientes llenos de luz, elegancia y modernidad, con la durabilidad y el estilo inigualables que solo el aluminio puede ofrecer<\/p>\n<p><strong>CARACTER\u00cdSTICAS<\/strong><\/p>\n<ul>\n<li>BLANCO<\/li>\n<li><strong>IP 65<\/strong><\/li>\n<li>Aluminio<\/li>\n<li>L\u00e1mpara <strong>GU10<\/strong> (1 pieza. No incluido)<\/li>\n<li>Fijo<\/li>\n<li><strong>Garant\u00eda 5 a\u00f1os<\/strong><\/li>\n<\/ul>\n<p><a href=\"https:\/\/kulenslighting.com\/wp-content\/uploads\/2025\/06\/LGR-BISELES_FICHA-TECNICA.pdf\" target=\"_blank\" rel=\"noopener\"><em><strong>Descarga ficha t\u00e9cnica<\/strong><\/em><\/a><\/p>\n<pre><a href=\"https:\/\/kulenslighting.com\/?product=lamparas-gu10\"><strong>REFACCIONES DISPONIBLES<\/strong><\/a><\/pre>\n","protected":false},"featured_media":1301,"template":"","meta":{"_joinchat":[]},"product_brand":[],"product_cat":[56,59,75],"product_tag":[],"class_list":{"0":"post-1298","1":"product","2":"type-product","3":"status-publish","4":"has-post-thumbnail","6":"product_cat-arquitectonico","7":"product_cat-downlight","8":"product_cat-ip65","10":"first","11":"instock","12":"shipping-taxable","13":"product-type-simple"},"_links":{"self":[{"href":"https:\/\/kulenslighting.com\/index.php?rest_route=\/wp\/v2\/product\/1298","targetHints":{"allow":["GET"]}}],"collection":[{"href":"https:\/\/kulenslighting.com\/index.php?rest_route=\/wp\/v2\/product"}],"about":[{"href":"https:\/\/kulenslighting.com\/index.php?rest_route=\/wp\/v2\/types\/product"}],"wp:featuredmedia":[{"embeddable":true,"href":"https:\/\/kulenslighting.com\/index.php?rest_route=\/wp\/v2\/media\/1301"}],"wp:attachment":[{"href":"https:\/\/kulenslighting.com\/index.php?rest_route=%2Fwp%2Fv2%2Fmedia&parent=1298"}],"wp:term":[{"taxonomy":"product_brand","embeddable":true,"href":"https:\/\/kulenslighting.com\/index.php?rest_route=%2Fwp%2Fv2%2Fproduct_brand&post=1298"},{"taxonomy":"product_cat","embeddable":true,"href":"https:\/\/kulenslighting.com\/index.php?rest_route=%2Fwp%2Fv2%2Fproduct_cat&post=1298"},{"taxonomy":"product_tag","embeddable":true,"href":"https:\/\/kulenslighting.com\/index.php?rest_route=%2Fwp%2Fv2%2Fproduct_tag&post=1298"}],"curies":[{"name":"wp","href":"https:\/\/api.w.org\/{rel}","templated":true}]}}