{"id":1280,"date":"2025-06-25T19:39:35","date_gmt":"2025-06-25T19:39:35","guid":{"rendered":"https:\/\/kulenslighting.com\/?post_type=product&#038;p=1280"},"modified":"2025-06-28T00:32:45","modified_gmt":"2025-06-28T00:32:45","slug":"lgrcomfort-lgr07eb","status":"publish","type":"product","link":"https:\/\/kulenslighting.com\/?product=lgrcomfort-lgr07eb","title":{"rendered":"LGRComfort (LGR07EB)"},"content":{"rendered":"","protected":false},"excerpt":{"rendered":"<p>Biseles de aluminio fundido con dise\u00f1o antirreflejo y bajo UGR, compatibles con bombillas GU10. Su dise\u00f1o elegante y est\u00e9tico no solo optimiza el consumo energ\u00e9tico, sino que tambi\u00e9n aporta un toque c\u00f3modo a cualquier espacio.<\/p>\n<p>CARACTER\u00cdSTICAS:<\/p>\n<ul>\n<li>Blanco<\/li>\n<li><strong>L\u00e1mpara GU10<\/strong>\u00a0(1 pieza, no incluida)<\/li>\n<li>Aluminio<\/li>\n<li><strong>5 a\u00f1os de garant\u00eda<\/strong><\/li>\n<\/ul>\n<p><a href=\"https:\/\/kulenslighting.com\/wp-content\/uploads\/2025\/06\/LGR-CONFORT-VISUAL_FICHA-TECNICA.pdf\" target=\"_blank\" rel=\"noopener\"><strong><em>Descarga ficha t\u00e9cnica<\/em><\/strong><\/a><\/p>\n<p>https:\/\/kulenslighting.com\/producto\/lamparas-gu10\/<\/p>\n","protected":false},"featured_media":1290,"template":"","meta":{"_joinchat":[]},"product_brand":[],"product_cat":[56,76,59],"product_tag":[],"class_list":{"0":"post-1280","1":"product","2":"type-product","3":"status-publish","4":"has-post-thumbnail","6":"product_cat-arquitectonico","7":"product_cat-confort-visual","8":"product_cat-downlight","10":"first","11":"instock","12":"shipping-taxable","13":"product-type-simple"},"_links":{"self":[{"href":"https:\/\/kulenslighting.com\/index.php?rest_route=\/wp\/v2\/product\/1280","targetHints":{"allow":["GET"]}}],"collection":[{"href":"https:\/\/kulenslighting.com\/index.php?rest_route=\/wp\/v2\/product"}],"about":[{"href":"https:\/\/kulenslighting.com\/index.php?rest_route=\/wp\/v2\/types\/product"}],"wp:featuredmedia":[{"embeddable":true,"href":"https:\/\/kulenslighting.com\/index.php?rest_route=\/wp\/v2\/media\/1290"}],"wp:attachment":[{"href":"https:\/\/kulenslighting.com\/index.php?rest_route=%2Fwp%2Fv2%2Fmedia&parent=1280"}],"wp:term":[{"taxonomy":"product_brand","embeddable":true,"href":"https:\/\/kulenslighting.com\/index.php?rest_route=%2Fwp%2Fv2%2Fproduct_brand&post=1280"},{"taxonomy":"product_cat","embeddable":true,"href":"https:\/\/kulenslighting.com\/index.php?rest_route=%2Fwp%2Fv2%2Fproduct_cat&post=1280"},{"taxonomy":"product_tag","embeddable":true,"href":"https:\/\/kulenslighting.com\/index.php?rest_route=%2Fwp%2Fv2%2Fproduct_tag&post=1280"}],"curies":[{"name":"wp","href":"https:\/\/api.w.org\/{rel}","templated":true}]}}