{"id":1143,"date":"2025-06-25T00:20:38","date_gmt":"2025-06-25T00:20:38","guid":{"rendered":"https:\/\/kulenslighting.com\/?post_type=product&#038;p=1143"},"modified":"2025-08-22T13:46:44","modified_gmt":"2025-08-22T18:46:44","slug":"tira-led-240d","status":"publish","type":"product","link":"https:\/\/kulenslighting.com\/?product=tira-led-240d","title":{"rendered":"Tira LED 240D"},"content":{"rendered":"","protected":false},"excerpt":{"rendered":"<p>TIRA LED ALTA EFICIENCIA LUMINOSA Y CALIDAD LUM\u00cdNICA, ALTO RENDIMIENTO DE REPRODUCCI\u00d3N DE COLOR.<\/p>\n<h6><strong>CARACTER\u00cdSTICAS:<\/strong><\/h6>\n<h6><strong>\u2013 Medida: 5 metros<\/strong><br \/>\n<strong>\u2013 Corte cada 25 mm<\/strong><\/h6>\n<p>\u2022 Montaje sobrepuesto con tira adhesiva integrada<br \/>\n\u2022 Potencias disponibles 24W<br \/>\n\u2022 Eficiencia 100lm\/W nominales<br \/>\n\u2022 CRI 90<br \/>\n\u2022 50,000hrs vida \u00fatil L80<br \/>\n\u2022 Entrada 24VDC 50-60Hz<br \/>\n\u2022 Corriente m\u00e1x. entrada 1.00 &gt; 0.92@ carga m\u00e1x. THD m\u00e1x. 20%<br \/>\n\u2022 Potencia m\u00e1x. entrada 24W<br \/>\n\u2022 Temperatura de funcionamiento: M\u00edn. -20\u00b0c \/ M\u00e1x. 50\u00b0c<br \/>\n\u2022 Ancho de 10mm<br \/>\n\u2022 La separaci\u00f3n entre LED\u2019s es la distancia m\u00ednima que debe de haber del acr\u00edlico al LED<br \/>\n<strong>\u2022 Garant\u00eda 5 a\u00f1os<\/strong><\/p>\n<p><a href=\"https:\/\/kulenslighting.com\/wp-content\/uploads\/2025\/08\/TIRA-LED_FICHA-TECNICA.pdf.pdf\" target=\"_blank\" rel=\"noopener\"><em><strong>Descarga ficha t\u00e9cnica<\/strong><\/em><\/a><\/p>\n","protected":false},"featured_media":1763,"template":"","meta":{"_joinchat":[]},"product_brand":[],"product_cat":[29,68],"product_tag":[],"class_list":{"0":"post-1143","1":"product","2":"type-product","3":"status-publish","4":"has-post-thumbnail","6":"product_cat-integracion-y-refaccionamiento","7":"product_cat-tiras-led","9":"first","10":"instock","11":"shipping-taxable","12":"product-type-simple"},"_links":{"self":[{"href":"https:\/\/kulenslighting.com\/index.php?rest_route=\/wp\/v2\/product\/1143","targetHints":{"allow":["GET"]}}],"collection":[{"href":"https:\/\/kulenslighting.com\/index.php?rest_route=\/wp\/v2\/product"}],"about":[{"href":"https:\/\/kulenslighting.com\/index.php?rest_route=\/wp\/v2\/types\/product"}],"wp:featuredmedia":[{"embeddable":true,"href":"https:\/\/kulenslighting.com\/index.php?rest_route=\/wp\/v2\/media\/1763"}],"wp:attachment":[{"href":"https:\/\/kulenslighting.com\/index.php?rest_route=%2Fwp%2Fv2%2Fmedia&parent=1143"}],"wp:term":[{"taxonomy":"product_brand","embeddable":true,"href":"https:\/\/kulenslighting.com\/index.php?rest_route=%2Fwp%2Fv2%2Fproduct_brand&post=1143"},{"taxonomy":"product_cat","embeddable":true,"href":"https:\/\/kulenslighting.com\/index.php?rest_route=%2Fwp%2Fv2%2Fproduct_cat&post=1143"},{"taxonomy":"product_tag","embeddable":true,"href":"https:\/\/kulenslighting.com\/index.php?rest_route=%2Fwp%2Fv2%2Fproduct_tag&post=1143"}],"curies":[{"name":"wp","href":"https:\/\/api.w.org\/{rel}","templated":true}]}}