{"id":1120,"date":"2025-06-25T00:22:47","date_gmt":"2025-06-25T00:22:47","guid":{"rendered":"https:\/\/kulenslighting.com\/?post_type=product&#038;p=1120"},"modified":"2025-06-25T18:05:44","modified_gmt":"2025-06-25T18:05:44","slug":"gu10-angulo-38","status":"publish","type":"product","link":"https:\/\/kulenslighting.com\/?product=gu10-angulo-38","title":{"rendered":"GU10 (\u00c1ngulo 38\u00b0)"},"content":{"rendered":"","protected":false},"excerpt":{"rendered":"<p>Foco LED con base GU10 de f\u00e1cil instalaci\u00f3n, que ofrece iluminaci\u00f3n puntual de 38\u00b0 ideal para resaltar objetos o crear ambientes acogedores sin dispersar la luz.<\/p>\n<p>CARACTER\u00cdSTICAS:<\/p>\n<ul>\n<li>Base GU10<\/li>\n<li>\u00c1ngulo de apertura: 38\u00b0 (haz de luz medio)<\/li>\n<li>Tecnolog\u00eda: LED<\/li>\n<li>Consumo: 5W<\/li>\n<li>Tensi\u00f3n de entrada: 85-265V (no requiere transformador)<\/li>\n<li>Temperatura de color: CCT (Seleccionables 3000K\/4000K\/6000K)<\/li>\n<li>Flujo luminoso: 500lm<\/li>\n<li>Vida \u00fatil: Hasta 25,000 horas<\/li>\n<li>Aplicaciones: Iluminaci\u00f3n de acento, en salas, vitrinas, pasillos, restaurantes y comercios.<\/li>\n<\/ul>\n<p><a href=\"https:\/\/kulenslighting.com\/wp-content\/uploads\/2025\/06\/GU10_FICHA-TECNICA.pdf\" target=\"_blank\" rel=\"noopener\"><em><strong>Descarga fIcha t\u00e9cnica<\/strong><\/em><\/a><\/p>\n","protected":false},"featured_media":1213,"template":"","meta":{"_joinchat":[]},"product_brand":[],"product_cat":[70,29,69],"product_tag":[],"class_list":{"0":"post-1120","1":"product","2":"type-product","3":"status-publish","4":"has-post-thumbnail","6":"product_cat-gu10","7":"product_cat-integracion-y-refaccionamiento","8":"product_cat-lamparas","10":"first","11":"instock","12":"shipping-taxable","13":"product-type-simple"},"_links":{"self":[{"href":"https:\/\/kulenslighting.com\/index.php?rest_route=\/wp\/v2\/product\/1120","targetHints":{"allow":["GET"]}}],"collection":[{"href":"https:\/\/kulenslighting.com\/index.php?rest_route=\/wp\/v2\/product"}],"about":[{"href":"https:\/\/kulenslighting.com\/index.php?rest_route=\/wp\/v2\/types\/product"}],"wp:featuredmedia":[{"embeddable":true,"href":"https:\/\/kulenslighting.com\/index.php?rest_route=\/wp\/v2\/media\/1213"}],"wp:attachment":[{"href":"https:\/\/kulenslighting.com\/index.php?rest_route=%2Fwp%2Fv2%2Fmedia&parent=1120"}],"wp:term":[{"taxonomy":"product_brand","embeddable":true,"href":"https:\/\/kulenslighting.com\/index.php?rest_route=%2Fwp%2Fv2%2Fproduct_brand&post=1120"},{"taxonomy":"product_cat","embeddable":true,"href":"https:\/\/kulenslighting.com\/index.php?rest_route=%2Fwp%2Fv2%2Fproduct_cat&post=1120"},{"taxonomy":"product_tag","embeddable":true,"href":"https:\/\/kulenslighting.com\/index.php?rest_route=%2Fwp%2Fv2%2Fproduct_tag&post=1120"}],"curies":[{"name":"wp","href":"https:\/\/api.w.org\/{rel}","templated":true}]}}